{"id":3,"date":"2021-07-13T14:50:54","date_gmt":"2021-07-13T14:50:54","guid":{"rendered":"https:\/\/hummus-company.de\/?page_id=3"},"modified":"2024-07-02T01:03:07","modified_gmt":"2024-07-02T01:03:07","slug":"privacy-policy","status":"publish","type":"page","link":"https:\/\/hummus-company.de\/en\/privacy-policy\/","title":{"rendered":"Privacy Policy"},"content":{"rendered":"<p>Bei Hummus Company, erreichbar unter <a href=\"https:\/\/hummus-company.de\/en\/\">https:\/\/hummus-company.de<\/a>, ist eine unserer wichtigsten Priorit\u00e4ten der Schutz der Privatsph\u00e4re unserer Besucher. Diese Datenschutzrichtlinie enth\u00e4lt die Arten von Informationen, die von Hummus Company gesammelt und aufgezeichnet werden, und wie wir sie verwenden.<\/p>\n\n\n\n<p>If you have additional questions or require more information about our Privacy Policy, do not hesitate to contact us.<\/p>\n\n\n\n<p>This Privacy Policy applies only to our online activities and is valid for visitors to our website with regards to the information that they shared and\/or collect in Hummus Company. This policy is not applicable to any information collected offline or via channels other than this website.<\/p>\n\n\n\n<h2 class=\"wp-block-heading\"><strong>Consent<\/strong><\/h2>\n\n\n\n<p>Durch die Nutzung unserer Website erkl\u00e4ren Sie sich mit unserer Datenschutzrichtlinie einverstanden und stimmen deren Bedingungen zu.<\/p>\n\n\n\n<h2 class=\"wp-block-heading\"><strong>Information We Collect<\/strong><\/h2>\n\n\n\n<p>The personal information that you are asked to provide, and the reasons why you are asked to provide it, will be made clear to you at the point we ask you to provide your personal information.<\/p>\n\n\n\n<p>If you contact us directly, we may receive additional information about you such as your name, email address, phone number, the contents of the message and\/or attachments you may send us, and any other information you may choose to provide.<\/p>\n\n\n\n<p>When you register for an Account, we may ask for your contact information, including items such as name, company name, address, email address, and telephone number.<\/p>\n\n\n\n<h2 class=\"wp-block-heading\"><strong>How We Use Your Information<\/strong><\/h2>\n\n\n\n<p>We use the information we collect in various ways, including to:<\/p>\n\n\n\n<ul class=\"wp-block-list\">\n<li>Provide, operate, and maintain our website<\/li>\n\n\n\n<li>Improve, personalize, and expand our website<\/li>\n\n\n\n<li>Understand and analyze how you use our website<\/li>\n\n\n\n<li>Develop new products, services, features, and functionality<\/li>\n\n\n\n<li>Communicate with you, either directly or through one of our partners, including for customer service, to provide you with updates and other information relating to the website, and for marketing and promotional purposes<\/li>\n\n\n\n<li>Send you emails<\/li>\n\n\n\n<li>Find and prevent fraud<\/li>\n<\/ul>\n\n\n\n<h2 class=\"wp-block-heading\"><strong>Log Files<\/strong><\/h2>\n\n\n\n<p>Die Hummus Company verwendet standardm\u00e4\u00dfig Protokolldateien. Diese Dateien protokollieren die Besuche von Besuchern auf Websites. Alle Hosting-Unternehmen tun dies und es ist Teil der Analyse der Hosting-Dienste. Zu den von den Protokolldateien gesammelten Informationen geh\u00f6ren Internetprotokolladressen (IP), Browsertyp, Internetdienstanbieter (ISP), Datums- und Zeitstempel, verweisende\/verlassende Seiten und m\u00f6glicherweise die Anzahl der Klicks. Diese Daten werden nicht mit Informationen verkn\u00fcpft, die eine pers\u00f6nliche Identifizierung erm\u00f6glichen. Der Zweck dieser Informationen ist die Analyse von Trends, die Verwaltung der Website, die Verfolgung der Bewegungen der Nutzer auf der Website und die Erfassung demografischer Informationen.<\/p>\n\n\n\n<h2 class=\"wp-block-heading\"><strong>Cookies and Web Beacons<\/strong><\/h2>\n\n\n\n<p>Wie jede andere Website verwendet auch die Hummus Company &#8222;Cookies&#8220;. Diese Cookies werden verwendet, um Informationen zu speichern, einschlie\u00dflich der Pr\u00e4ferenzen der Besucher und der Seiten auf der Website, die der Besucher aufgerufen oder besucht hat. Diese Informationen werden verwendet, um die Erfahrung des Benutzers zu optimieren, indem der Inhalt unserer Webseite auf der Grundlage des Browsertyps des Besuchers und\/oder anderer Informationen angepasst wird.<\/p>\n\n\n\n<p>For more general information on cookies, please read \u201cWhat Are Cookies\u201d. <a href=\"https:\/\/www.privacypolicyonline.com\/what-are-cookies\/\" target=\"_blank\" rel=\"noreferrer noopener\">&#8222;Was sind Cookies&#8220;<\/a>. <\/p>\n\n\n\n<h2 class=\"wp-block-heading\"><strong>Advertising Partners Privacy Policies<\/strong><\/h2>\n\n\n\n<p>You may consult this list to find the Privacy Policy for each of the advertising partners of Hummus Company.<\/p>\n\n\n\n<p>Third-party ad servers or ad networks uses technologies like cookies, JavaScript, or Web Beacons that are used in their respective advertisements and links that appear on Hummus Company, which are sent directly to users\u2019 browser. They automatically receive your IP address when this occurs. These technologies are used to measure the effectiveness of their advertising campaigns and\/or to personalize the advertising content that you see on websites that you visit.<\/p>\n\n\n\n<p>Note that Hummus Company has no access to or control over these cookies that are used by third-party advertisers.<\/p>\n\n\n\n<h2 class=\"wp-block-heading\"><strong>Third Party Privacy Policies<\/strong><\/h2>\n\n\n\n<p>Hummus Company\u2019s Privacy Policy does not apply to other advertisers or websites. Thus, we are advising you to consult the respective Privacy Policies of these third-party ad servers for more detailed information. It may include their practices and instructions about how to opt-out of certain options.<\/p>\n\n\n\n<p>You can choose to disable cookies through your individual browser options. To know more detailed information about cookie management with specific web browsers, it can be found at the browsers\u2019 respective websites.<br><\/p>\n\n\n\n<h2 class=\"wp-block-heading\"><strong>CCPA Privacy Rights (Do Not Sell My Personal Information)<\/strong><\/h2>\n\n\n\n<p>Under the CCPA, among other rights, California consumers have the right to:<br><br>Request that a business that collects a consumer\u2019s personal data disclose the categories and specific pieces of personal data that a business has collected about consumers.<\/p>\n\n\n\n<p>Request that a business delete any personal data about the consumer that a business has collected.<\/p>\n\n\n\n<p>Request that a business that sells a consumer\u2019s personal data, not sell the consumer\u2019s personal data.<\/p>\n\n\n\n<p>If you make a request, we have one month to respond to you. If you would like to exercise any of these rights, please contact us.<\/p>\n\n\n\n<h2 class=\"wp-block-heading\"><strong>GDPR Data Protection Rights<\/strong><\/h2>\n\n\n\n<p>We would like to make sure you are fully aware of all of your data protection rights. Every user is entitled to the following:<\/p>\n\n\n\n<p>The right to access \u2013 You have the right to request copies of your personal data. We may charge you a small fee for this service.<\/p>\n\n\n\n<p>The right to rectification \u2013 You have the right to request that we correct any information you believe is inaccurate. You also have the right to request that we complete the information you believe is incomplete.<\/p>\n\n\n\n<p>The right to erasure \u2013 You have the right to request that we erase your personal data, under certain conditions.<\/p>\n\n\n\n<p>The right to restrict processing \u2013 You have the right to request that we restrict the processing of your personal data, under certain conditions.<\/p>\n\n\n\n<p>The right to object to processing \u2013 You have the right to object to our processing of your personal data, under certain conditions.<\/p>\n\n\n\n<p>The right to data portability \u2013 You have the right to request that we transfer the data that we have collected to another organization, or directly to you, under certain conditions.<\/p>\n\n\n\n<p>If you make a request, we have one month to respond to you. If you would like to exercise any of these rights, please contact us.<\/p>\n\n\n\n<h2 class=\"wp-block-heading\"><strong>Children\u2019s Information<\/strong><\/h2>\n\n\n\n<p>Another part of our priority is adding protection for children while using the internet. We encourage parents and guardians to observe, participate in, and\/or monitor and guide their online activity.<\/p>\n\n\n\n<p>Hummus Company does not knowingly collect any Personal Identifiable Information from children under the age of 13. If you think that your child provided this kind of information on our website, we strongly encourage you to contact us immediately and we will do our best efforts to promptly remove such information from our records.<\/p>","protected":false},"excerpt":{"rendered":"<p>Bei Hummus Company, erreichbar unter https:\/\/hummus-company.de, ist eine unserer wichtigsten Priorit\u00e4ten der Schutz der Privatsph\u00e4re unserer Besucher. Diese Datenschutzrichtlinie enth\u00e4lt die Arten von Informationen, die von Hummus Company gesammelt und aufgezeichnet werden, und wie wir sie verwenden. Wenn Sie weitere Fragen haben oder mehr Informationen \u00fcber unsere Datenschutzpolitik ben\u00f6tigen, z\u00f6gern Sie nicht, uns zu kontaktieren.&hellip; <a class=\"more-link\" href=\"https:\/\/hummus-company.de\/en\/privacy-policy\/\">Continue reading <span class=\"screen-reader-text\">Privacy Policy<\/span><\/a><\/p>","protected":false},"author":4,"featured_media":0,"parent":0,"menu_order":0,"comment_status":"closed","ping_status":"open","template":"","meta":{"footnotes":""},"class_list":["post-3","page","type-page","status-publish","hentry","entry"],"_links":{"self":[{"href":"https:\/\/hummus-company.de\/en\/wp-json\/wp\/v2\/pages\/3","targetHints":{"allow":["GET"]}}],"collection":[{"href":"https:\/\/hummus-company.de\/en\/wp-json\/wp\/v2\/pages"}],"about":[{"href":"https:\/\/hummus-company.de\/en\/wp-json\/wp\/v2\/types\/page"}],"author":[{"embeddable":true,"href":"https:\/\/hummus-company.de\/en\/wp-json\/wp\/v2\/users\/4"}],"replies":[{"embeddable":true,"href":"https:\/\/hummus-company.de\/en\/wp-json\/wp\/v2\/comments?post=3"}],"version-history":[{"count":19,"href":"https:\/\/hummus-company.de\/en\/wp-json\/wp\/v2\/pages\/3\/revisions"}],"predecessor-version":[{"id":2804,"href":"https:\/\/hummus-company.de\/en\/wp-json\/wp\/v2\/pages\/3\/revisions\/2804"}],"wp:attachment":[{"href":"https:\/\/hummus-company.de\/en\/wp-json\/wp\/v2\/media?parent=3"}],"curies":[{"name":"wp","href":"https:\/\/api.w.org\/{rel}","templated":true}]}}